{"id":80,"date":"2021-06-23T16:34:19","date_gmt":"2021-06-23T16:34:19","guid":{"rendered":"https:\/\/apartmani-tony.com\/2021\/?page_id=80"},"modified":"2026-03-03T11:55:41","modified_gmt":"2026-03-03T11:55:41","slug":"kontakt","status":"publish","type":"page","link":"https:\/\/apartmani-tony.com\/2021\/kontakt\/","title":{"rendered":"Kontakt"},"content":{"rendered":"\n\n\n\n<p style=\"text-align: center;\">gdin. Ton\u0107i \u0160karica<\/p>\n<p style=\"text-align: center;\">Blato 49, 21329 \u017divogo\u0161\u0107e HR<\/p>\n<p style=\"text-align: center;\">+385 91 524 8635<\/p>\n<p style=\"text-align: center;\">tonci.skarica321@gmail.com<\/p>\n\n\n\n","protected":false},"excerpt":{"rendered":"","protected":false},"author":1,"featured_media":0,"parent":0,"menu_order":0,"comment_status":"closed","ping_status":"closed","template":"","meta":{"pagelayer_contact_templates":[],"_pagelayer_content":"","footnotes":""},"class_list":["post-80","page","type-page","status-publish","hentry"],"_links":{"self":[{"href":"https:\/\/apartmani-tony.com\/2021\/wp-json\/wp\/v2\/pages\/80","targetHints":{"allow":["GET"]}}],"collection":[{"href":"https:\/\/apartmani-tony.com\/2021\/wp-json\/wp\/v2\/pages"}],"about":[{"href":"https:\/\/apartmani-tony.com\/2021\/wp-json\/wp\/v2\/types\/page"}],"author":[{"embeddable":true,"href":"https:\/\/apartmani-tony.com\/2021\/wp-json\/wp\/v2\/users\/1"}],"replies":[{"embeddable":true,"href":"https:\/\/apartmani-tony.com\/2021\/wp-json\/wp\/v2\/comments?post=80"}],"version-history":[{"count":1,"href":"https:\/\/apartmani-tony.com\/2021\/wp-json\/wp\/v2\/pages\/80\/revisions"}],"predecessor-version":[{"id":610,"href":"https:\/\/apartmani-tony.com\/2021\/wp-json\/wp\/v2\/pages\/80\/revisions\/610"}],"wp:attachment":[{"href":"https:\/\/apartmani-tony.com\/2021\/wp-json\/wp\/v2\/media?parent=80"}],"curies":[{"name":"wp","href":"https:\/\/api.w.org\/{rel}","templated":true}]}}