{"id":8,"date":"2021-06-23T08:41:24","date_gmt":"2021-06-23T08:41:24","guid":{"rendered":"https:\/\/apartmani-tony.com\/2021\/?page_id=8"},"modified":"2026-03-29T17:10:39","modified_gmt":"2026-03-29T17:10:39","slug":"naslovna","status":"publish","type":"page","link":"https:\/\/apartmani-tony.com\/2021\/","title":{"rendered":"Dobrodo\u0161li"},"content":{"rendered":"\n\n\n\n\n\n\n\n\r\n<p>Apartmani TONY nalaze se u mjestu \u017divogo\u0161ce-Blato na Makarskoj rivijeri. Smje\u0161teni smo u neposrednoj blizini mora i pla\u017ee, kao i samog centra mjesta.<\/p>\r\n\n\n<p>Na raspolaganju imamo 12 apartmana razli\u010ditih kapaciteta. Tu su terase i zajedni\u010dki vrt za ugodna dru\u017eenja, a ispred objekta osiguran je parking mjesta za va\u0161e automobile.<\/p>\n\n\n\r\n<p style=\"text-align: center;\">gdin. Ton\u0107i \u0160karica<\/p>\r\n<p style=\"text-align: center;\">Blato 49, 21329 \u017divogo\u0161\u0107e HR<\/p>\r\n<p style=\"text-align: center;\">+385 91 524 8635<\/p>\r\n<p style=\"text-align: center;\">tonci.skarica321@gmail.com<\/p>\r\n\n\n\r\n<p style=\"text-align: center;\">ili<\/p>\r\n\n\n\n\n","protected":false},"excerpt":{"rendered":"","protected":false},"author":1,"featured_media":0,"parent":0,"menu_order":0,"comment_status":"closed","ping_status":"closed","template":"","meta":{"pagelayer_contact_templates":[],"_pagelayer_content":"","footnotes":""},"class_list":["post-8","page","type-page","status-publish","hentry"],"_links":{"self":[{"href":"https:\/\/apartmani-tony.com\/2021\/wp-json\/wp\/v2\/pages\/8","targetHints":{"allow":["GET"]}}],"collection":[{"href":"https:\/\/apartmani-tony.com\/2021\/wp-json\/wp\/v2\/pages"}],"about":[{"href":"https:\/\/apartmani-tony.com\/2021\/wp-json\/wp\/v2\/types\/page"}],"author":[{"embeddable":true,"href":"https:\/\/apartmani-tony.com\/2021\/wp-json\/wp\/v2\/users\/1"}],"replies":[{"embeddable":true,"href":"https:\/\/apartmani-tony.com\/2021\/wp-json\/wp\/v2\/comments?post=8"}],"version-history":[{"count":5,"href":"https:\/\/apartmani-tony.com\/2021\/wp-json\/wp\/v2\/pages\/8\/revisions"}],"predecessor-version":[{"id":719,"href":"https:\/\/apartmani-tony.com\/2021\/wp-json\/wp\/v2\/pages\/8\/revisions\/719"}],"wp:attachment":[{"href":"https:\/\/apartmani-tony.com\/2021\/wp-json\/wp\/v2\/media?parent=8"}],"curies":[{"name":"wp","href":"https:\/\/api.w.org\/{rel}","templated":true}]}}